{"id":427,"date":"2025-05-04T17:55:38","date_gmt":"2025-05-04T15:55:38","guid":{"rendered":"https:\/\/www.sinnoia.fr\/?page_id=427"},"modified":"2025-05-07T15:59:25","modified_gmt":"2025-05-07T13:59:25","slug":"acceuil","status":"publish","type":"page","link":"https:\/\/www.sinnoia.fr\/","title":{"rendered":"Acc\u00e9l\u00e9rez votre transformation num\u00e9rique"},"content":{"rendered":"\t\t<div data-elementor-type=\"wp-page\" data-elementor-id=\"427\" class=\"elementor elementor-427\">\n\t\t\t\t<div class=\"elementor-element elementor-element-78d71c6e e-flex e-con-boxed e-con e-parent\" data-id=\"78d71c6e\" data-element_type=\"container\">\n\t\t\t\t\t<div class=\"e-con-inner\">\n\t\t\t\t<div class=\"elementor-element elementor-element-4b8da7d6 elementor-widget elementor-widget-text-editor\" data-id=\"4b8da7d6\" data-element_type=\"widget\" data-widget_type=\"text-editor.default\">\n\t\t\t\t<div class=\"elementor-widget-container\">\n\t\t\t\t\t\t\t\t\t<h1><strong><span class=\"stk-highlight\" style=\"color: #215f9a;\">Acc\u00e9l\u00e9rez votre transformation num\u00e9rique<\/span><\/strong><\/h1>\t\t\t\t\t\t\t\t<\/div>\n\t\t\t\t<\/div>\n\t\t\t\t<div class=\"elementor-element elementor-element-ebdc9d6 elementor-widget elementor-widget-text-editor\" data-id=\"ebdc9d6\" data-element_type=\"widget\" data-widget_type=\"text-editor.default\">\n\t\t\t\t<div class=\"elementor-widget-container\">\n\t\t\t\t\t\t\t\t\t<h5><span style=\"font-weight: normal;\">La performance, l\u2019attractivit\u00e9, la r\u00e9silience d\u2019une entreprise est dor\u00e9navant li\u00e9e \u00e0 sa maturit\u00e9 digitale. L\u2019informatique n\u2019est plus qu&rsquo;un simple outil, c\u2019est une carte \u00e0 jouer pour se diff\u00e9rencier et faire progresser son entreprise.&nbsp;<\/span><\/h5>\n<h5>SInnoIA <span style=\"font-weight: normal;\">vous propose d\u2019activer 3 leviers pour acc\u00e9l\u00e9rer votre transformation num\u00e9rique. Choisissez les domaines \u00e0 explorer selon vos enjeux. Chaque levier peut \u00eatre activ\u00e9 seul ou int\u00e9gr\u00e9 dans un accompagnement global.<\/span><\/h5><div><span style=\"font-weight: normal;\"><br><\/span><\/div>\t\t\t\t\t\t\t\t<\/div>\n\t\t\t\t<\/div>\n\t\t\t\t\t<\/div>\n\t\t\t\t<\/div>\n\t\t<div class=\"elementor-element elementor-element-cc888e8 e-grid e-con-boxed e-con e-parent\" data-id=\"cc888e8\" data-element_type=\"container\">\n\t\t\t\t\t<div class=\"e-con-inner\">\n\t\t\t\t<div class=\"elementor-element elementor-element-de1bdf8 elementor-widget elementor-widget-image\" data-id=\"de1bdf8\" data-element_type=\"widget\" data-widget_type=\"image.default\">\n\t\t\t\t<div class=\"elementor-widget-container\">\n\t\t\t\t\t\t\t\t\t\t\t\t<figure class=\"wp-caption\">\n\t\t\t\t\t\t\t\t\t\t\t<a href=\"https:\/\/www.sinnoia.fr\/index.php\/systeme-dinformation\/\">\n\t\t\t\t\t\t\t<img fetchpriority=\"high\" decoding=\"async\" width=\"300\" height=\"300\" src=\"https:\/\/www.sinnoia.fr\/wp-content\/uploads\/2025\/05\/ChatGPT-Image-4-mai-2025-16_55_38-300x300.png\" class=\"attachment-medium size-medium wp-image-51\" alt=\"\" srcset=\"https:\/\/www.sinnoia.fr\/wp-content\/uploads\/2025\/05\/ChatGPT-Image-4-mai-2025-16_55_38-300x300.png 300w, https:\/\/www.sinnoia.fr\/wp-content\/uploads\/2025\/05\/ChatGPT-Image-4-mai-2025-16_55_38-150x150.png 150w, https:\/\/www.sinnoia.fr\/wp-content\/uploads\/2025\/05\/ChatGPT-Image-4-mai-2025-16_55_38.png 1024w\" sizes=\"(max-width: 300px) 100vw, 300px\" \/>\t\t\t\t\t\t\t\t<\/a>\n\t\t\t\t\t\t\t\t\t\t\t<figcaption class=\"widget-image-caption wp-caption-text\">Cliquer sur l'image pour en savoir plus<\/figcaption>\n\t\t\t\t\t\t\t\t\t\t<\/figure>\n\t\t\t\t\t\t\t\t\t<\/div>\n\t\t\t\t<\/div>\n\t\t\t\t<div class=\"elementor-element elementor-element-c49d9ad elementor-widget elementor-widget-image\" data-id=\"c49d9ad\" data-element_type=\"widget\" data-widget_type=\"image.default\">\n\t\t\t\t<div class=\"elementor-widget-container\">\n\t\t\t\t\t\t\t\t\t\t\t\t<figure class=\"wp-caption\">\n\t\t\t\t\t\t\t\t\t\t\t<a href=\"https:\/\/www.sinnoia.fr\/index.php\/innovation-digitale\/\">\n\t\t\t\t\t\t\t<img decoding=\"async\" width=\"300\" height=\"300\" src=\"https:\/\/www.sinnoia.fr\/wp-content\/uploads\/2025\/05\/ChatGPT-Image-4-mai-2025-17_01_32-300x300.png\" class=\"attachment-medium size-medium wp-image-52\" alt=\"\" srcset=\"https:\/\/www.sinnoia.fr\/wp-content\/uploads\/2025\/05\/ChatGPT-Image-4-mai-2025-17_01_32-300x300.png 300w, https:\/\/www.sinnoia.fr\/wp-content\/uploads\/2025\/05\/ChatGPT-Image-4-mai-2025-17_01_32-150x150.png 150w, https:\/\/www.sinnoia.fr\/wp-content\/uploads\/2025\/05\/ChatGPT-Image-4-mai-2025-17_01_32-768x768.png 768w, https:\/\/www.sinnoia.fr\/wp-content\/uploads\/2025\/05\/ChatGPT-Image-4-mai-2025-17_01_32.png 1024w\" sizes=\"(max-width: 300px) 100vw, 300px\" \/>\t\t\t\t\t\t\t\t<\/a>\n\t\t\t\t\t\t\t\t\t\t\t<figcaption class=\"widget-image-caption wp-caption-text\">Cliquer sur l'image pour en savoir plus<\/figcaption>\n\t\t\t\t\t\t\t\t\t\t<\/figure>\n\t\t\t\t\t\t\t\t\t<\/div>\n\t\t\t\t<\/div>\n\t\t\t\t<div class=\"elementor-element elementor-element-3b270e8 elementor-widget elementor-widget-image\" data-id=\"3b270e8\" data-element_type=\"widget\" data-widget_type=\"image.default\">\n\t\t\t\t<div class=\"elementor-widget-container\">\n\t\t\t\t\t\t\t\t\t\t\t\t<figure class=\"wp-caption\">\n\t\t\t\t\t\t\t\t\t\t\t<a href=\"https:\/\/www.sinnoia.fr\/index.php\/intelligence-artificielle\/\">\n\t\t\t\t\t\t\t<img decoding=\"async\" width=\"300\" height=\"300\" src=\"https:\/\/www.sinnoia.fr\/wp-content\/uploads\/2025\/05\/ChatGPT-Image-4-mai-2025-17_05_43-300x300.png\" class=\"attachment-medium size-medium wp-image-53\" alt=\"\" srcset=\"https:\/\/www.sinnoia.fr\/wp-content\/uploads\/2025\/05\/ChatGPT-Image-4-mai-2025-17_05_43-300x300.png 300w, https:\/\/www.sinnoia.fr\/wp-content\/uploads\/2025\/05\/ChatGPT-Image-4-mai-2025-17_05_43-150x150.png 150w, https:\/\/www.sinnoia.fr\/wp-content\/uploads\/2025\/05\/ChatGPT-Image-4-mai-2025-17_05_43-768x768.png 768w, https:\/\/www.sinnoia.fr\/wp-content\/uploads\/2025\/05\/ChatGPT-Image-4-mai-2025-17_05_43.png 1024w\" sizes=\"(max-width: 300px) 100vw, 300px\" \/>\t\t\t\t\t\t\t\t<\/a>\n\t\t\t\t\t\t\t\t\t\t\t<figcaption class=\"widget-image-caption wp-caption-text\">Cliquer sur l'image pour en savoir plus<\/figcaption>\n\t\t\t\t\t\t\t\t\t\t<\/figure>\n\t\t\t\t\t\t\t\t\t<\/div>\n\t\t\t\t<\/div>\n\t\t\t\t\t<\/div>\n\t\t\t\t<\/div>\n\t\t\t\t<\/div>\n\t\t","protected":false},"excerpt":{"rendered":"<p>Acc\u00e9l\u00e9rez votre transformation num\u00e9rique La performance, l\u2019attractivit\u00e9, la r\u00e9silience d\u2019une entreprise est dor\u00e9navant li\u00e9e \u00e0 sa maturit\u00e9 digitale. L\u2019informatique n\u2019est plus qu&rsquo;un simple outil, c\u2019est une carte \u00e0 jouer pour se diff\u00e9rencier et faire progresser son entreprise.&nbsp; SInnoIA vous propose d\u2019activer 3 leviers pour acc\u00e9l\u00e9rer votre transformation num\u00e9rique. Choisissez les domaines \u00e0 explorer selon vos [&hellip;]<\/p>\n","protected":false},"author":1,"featured_media":0,"parent":0,"menu_order":0,"comment_status":"closed","ping_status":"closed","template":"","meta":{"footnotes":""},"class_list":["post-427","page","type-page","status-publish","hentry"],"blocksy_meta":[],"_links":{"self":[{"href":"https:\/\/www.sinnoia.fr\/index.php\/wp-json\/wp\/v2\/pages\/427","targetHints":{"allow":["GET"]}}],"collection":[{"href":"https:\/\/www.sinnoia.fr\/index.php\/wp-json\/wp\/v2\/pages"}],"about":[{"href":"https:\/\/www.sinnoia.fr\/index.php\/wp-json\/wp\/v2\/types\/page"}],"author":[{"embeddable":true,"href":"https:\/\/www.sinnoia.fr\/index.php\/wp-json\/wp\/v2\/users\/1"}],"replies":[{"embeddable":true,"href":"https:\/\/www.sinnoia.fr\/index.php\/wp-json\/wp\/v2\/comments?post=427"}],"version-history":[{"count":32,"href":"https:\/\/www.sinnoia.fr\/index.php\/wp-json\/wp\/v2\/pages\/427\/revisions"}],"predecessor-version":[{"id":606,"href":"https:\/\/www.sinnoia.fr\/index.php\/wp-json\/wp\/v2\/pages\/427\/revisions\/606"}],"wp:attachment":[{"href":"https:\/\/www.sinnoia.fr\/index.php\/wp-json\/wp\/v2\/media?parent=427"}],"curies":[{"name":"wp","href":"https:\/\/api.w.org\/{rel}","templated":true}]}}