{"id":464,"date":"2025-05-04T20:30:57","date_gmt":"2025-05-04T18:30:57","guid":{"rendered":"https:\/\/www.sinnoia.fr\/?page_id=464"},"modified":"2025-05-07T16:18:35","modified_gmt":"2025-05-07T14:18:35","slug":"systeme-dinformation","status":"publish","type":"page","link":"https:\/\/www.sinnoia.fr\/index.php\/systeme-dinformation\/","title":{"rendered":"Syst\u00e8me d&rsquo;information"},"content":{"rendered":"\t\t<div data-elementor-type=\"wp-post\" data-elementor-id=\"464\" class=\"elementor elementor-464\">\n\t\t\t\t<div class=\"elementor-element elementor-element-3647fdd e-flex e-con-boxed e-con e-parent\" data-id=\"3647fdd\" data-element_type=\"container\">\n\t\t\t\t\t<div class=\"e-con-inner\">\n\t\t<div class=\"elementor-element elementor-element-a278fd2 e-con-full e-flex e-con e-child\" data-id=\"a278fd2\" data-element_type=\"container\">\n\t\t\t\t<div class=\"elementor-element elementor-element-dd173bb elementor-widget__width-initial elementor-widget elementor-widget-image\" data-id=\"dd173bb\" data-element_type=\"widget\" data-widget_type=\"image.default\">\n\t\t\t\t<div class=\"elementor-widget-container\">\n\t\t\t\t\t\t\t\t\t\t\t\t\t\t\t<img fetchpriority=\"high\" decoding=\"async\" width=\"1024\" height=\"1024\" src=\"https:\/\/www.sinnoia.fr\/wp-content\/uploads\/2025\/05\/logo-SI.png\" class=\"attachment-large size-large wp-image-40\" alt=\"\" srcset=\"https:\/\/www.sinnoia.fr\/wp-content\/uploads\/2025\/05\/logo-SI.png 1024w, https:\/\/www.sinnoia.fr\/wp-content\/uploads\/2025\/05\/logo-SI-300x300.png 300w, https:\/\/www.sinnoia.fr\/wp-content\/uploads\/2025\/05\/logo-SI-150x150.png 150w, https:\/\/www.sinnoia.fr\/wp-content\/uploads\/2025\/05\/logo-SI-768x768.png 768w, https:\/\/www.sinnoia.fr\/wp-content\/uploads\/2025\/05\/elementor\/thumbs\/logo-SI-r59tv5u9pbvizfeci1z8p8eb9p1bbe3l3sgvyhzso8.png 100w, https:\/\/www.sinnoia.fr\/wp-content\/uploads\/2025\/05\/elementor\/thumbs\/logo-SI-r59tv5ua0akmvxfs3s71893wj137zbwikqm6hum3oi.png 125w\" sizes=\"(max-width: 1024px) 100vw, 1024px\" \/>\t\t\t\t\t\t\t\t\t\t\t\t\t\t\t<\/div>\n\t\t\t\t<\/div>\n\t\t\t\t<\/div>\n\t\t<div class=\"elementor-element elementor-element-48f795b e-con-full e-flex e-con e-child\" data-id=\"48f795b\" data-element_type=\"container\">\n\t\t\t\t<div class=\"elementor-element elementor-element-c561e99 elementor-widget__width-initial elementor-widget elementor-widget-heading\" data-id=\"c561e99\" data-element_type=\"widget\" data-widget_type=\"heading.default\">\n\t\t\t\t<div class=\"elementor-widget-container\">\n\t\t\t\t\t<h1 class=\"elementor-heading-title elementor-size-default\">Syst\u00e8me d'information<\/h1>\t\t\t\t<\/div>\n\t\t\t\t<\/div>\n\t\t\t\t<\/div>\n\t\t\t\t<div class=\"elementor-element elementor-element-6475d1c elementor-widget__width-initial elementor-widget elementor-widget-text-editor\" data-id=\"6475d1c\" data-element_type=\"widget\" data-widget_type=\"text-editor.default\">\n\t\t\t\t<div class=\"elementor-widget-container\">\n\t\t\t\t\t\t\t\t\t<p>Votre syst\u00e8me d&rsquo;information est-il align\u00e9 avec vos besoins op\u00e9rationnels ?<\/p><p class=\"\" data-start=\"240\" data-end=\"460\">Un syst\u00e8me d&rsquo;information efficace ne se limite pas \u00e0 faire fonctionner les outils : il structure les donn\u00e9es, s\u00e9curise les flux, garantit la conformit\u00e9, facilite la collaboration et soutient la strat\u00e9gie de l&rsquo;entreprise.<\/p><p class=\"\" data-start=\"465\" data-end=\"564\">\u00c0 travers notre approche, nous abordons l&rsquo;ensemble des dimensions cl\u00e9s d\u2019un SI robuste et \u00e9volutif.<\/p>\t\t\t\t\t\t\t\t<\/div>\n\t\t\t\t<\/div>\n\t\t<div class=\"elementor-element elementor-element-400e6f5 e-con-full e-flex e-con e-child\" data-id=\"400e6f5\" data-element_type=\"container\">\n\t\t\t\t<div class=\"elementor-element elementor-element-bf306b8 elementor-widget__width-initial elementor-widget elementor-widget-text-editor\" data-id=\"bf306b8\" data-element_type=\"widget\" data-widget_type=\"text-editor.default\">\n\t\t\t\t<div class=\"elementor-widget-container\">\n\t\t\t\t\t\t\t\t\t<section class=\"wp-block-group alignwide\"><h2 style=\"text-align: left;\">Un syst\u00e8me d&rsquo;information, c&rsquo;est plusieurs dimensions \u00e0 ma\u00eetriser<\/h2><div class=\"wp-block-columns is-layout-flex wp-container-1\" style=\"margin-top: 40px; gap: 32px; flex-wrap: wrap;\"><div class=\"wp-block-column\" style=\"flex: 1 1 45%; text-align: left;\"><div style=\"font-size: 36px;\">\ud83d\udee1\ufe0f<\/div><h3>Cybers\u00e9curit\u00e9<\/h3><p>Anticiper les risques, prot\u00e9ger vos donn\u00e9es, limiter les failles.<\/p><\/div><div class=\"wp-block-column\" style=\"flex: 1 1 45%; text-align: left;\"><div style=\"font-size: 36px;\">\u2696\ufe0f<\/div><h3>Conformit\u00e9<\/h3><p>Respecter les obligations (RGPD, logiciels certifi\u00e9s, archivage\u2026).<\/p><\/div><p style=\"text-align: left;\"><!-- Ligne 2 --><\/p><div class=\"wp-block-column\" style=\"flex: 1 1 45%; text-align: left;\"><div style=\"font-size: 36px;\">\ud83d\udd17<\/div><h3>Interop\u00e9rabilit\u00e9<\/h3><p>Faire communiquer vos outils entre eux, \u00e9viter les doubles saisies.<\/p><\/div><div class=\"wp-block-column\" style=\"flex: 1 1 45%; text-align: left;\"><div style=\"font-size: 36px;\">\u2699\ufe0f<\/div><h3>Infrastructure<\/h3><p>Serveurs, r\u00e9seau, cloud, postes : une base technique ma\u00eetris\u00e9e.<\/p><\/div><p style=\"text-align: left;\"><!-- Ligne 3 --><\/p><div class=\"wp-block-column\" style=\"flex: 1 1 45%; text-align: left;\"><div style=\"font-size: 36px;\">\ud83d\udcc8<\/div><h3>Performance<\/h3><p>Des outils rapides, fiables, adapt\u00e9s \u00e0 vos processus m\u00e9tiers.<\/p><\/div><div class=\"wp-block-column\" style=\"flex: 1 1 45%; text-align: center;\"><div style=\"font-size: 36px; text-align: left;\">\ud83d\ude4b<\/div><h3 style=\"text-align: left;\">Support utilisateurs<\/h3><p style=\"text-align: left;\">R\u00e9activit\u00e9, accompagnement, am\u00e9lioration continue au quotidien.<\/p><\/div><\/div><\/section>\t\t\t\t\t\t\t\t<\/div>\n\t\t\t\t<\/div>\n\t\t\t\t<\/div>\n\t\t\t\t\t<\/div>\n\t\t\t\t<\/div>\n\t\t\t\t<\/div>\n\t\t","protected":false},"excerpt":{"rendered":"<p>Syst\u00e8me d&rsquo;information Votre syst\u00e8me d&rsquo;information est-il align\u00e9 avec vos besoins op\u00e9rationnels ? Un syst\u00e8me d&rsquo;information efficace ne se limite pas \u00e0 faire fonctionner les outils : il structure les donn\u00e9es, s\u00e9curise les flux, garantit la conformit\u00e9, facilite la collaboration et soutient la strat\u00e9gie de l&rsquo;entreprise. \u00c0 travers notre approche, nous abordons l&rsquo;ensemble des dimensions cl\u00e9s [&hellip;]<\/p>\n","protected":false},"author":1,"featured_media":40,"parent":0,"menu_order":0,"comment_status":"closed","ping_status":"closed","template":"","meta":{"footnotes":""},"class_list":["post-464","page","type-page","status-publish","has-post-thumbnail","hentry"],"blocksy_meta":[],"_links":{"self":[{"href":"https:\/\/www.sinnoia.fr\/index.php\/wp-json\/wp\/v2\/pages\/464","targetHints":{"allow":["GET"]}}],"collection":[{"href":"https:\/\/www.sinnoia.fr\/index.php\/wp-json\/wp\/v2\/pages"}],"about":[{"href":"https:\/\/www.sinnoia.fr\/index.php\/wp-json\/wp\/v2\/types\/page"}],"author":[{"embeddable":true,"href":"https:\/\/www.sinnoia.fr\/index.php\/wp-json\/wp\/v2\/users\/1"}],"replies":[{"embeddable":true,"href":"https:\/\/www.sinnoia.fr\/index.php\/wp-json\/wp\/v2\/comments?post=464"}],"version-history":[{"count":37,"href":"https:\/\/www.sinnoia.fr\/index.php\/wp-json\/wp\/v2\/pages\/464\/revisions"}],"predecessor-version":[{"id":626,"href":"https:\/\/www.sinnoia.fr\/index.php\/wp-json\/wp\/v2\/pages\/464\/revisions\/626"}],"wp:featuredmedia":[{"embeddable":true,"href":"https:\/\/www.sinnoia.fr\/index.php\/wp-json\/wp\/v2\/media\/40"}],"wp:attachment":[{"href":"https:\/\/www.sinnoia.fr\/index.php\/wp-json\/wp\/v2\/media?parent=464"}],"curies":[{"name":"wp","href":"https:\/\/api.w.org\/{rel}","templated":true}]}}