{"id":472,"date":"2025-05-04T20:30:57","date_gmt":"2025-05-04T18:30:57","guid":{"rendered":"https:\/\/www.sinnoia.fr\/?page_id=472"},"modified":"2025-05-05T09:09:50","modified_gmt":"2025-05-05T07:09:50","slug":"innovation-digitale","status":"publish","type":"page","link":"https:\/\/www.sinnoia.fr\/index.php\/innovation-digitale\/","title":{"rendered":"Innovation digitale"},"content":{"rendered":"\t\t<div data-elementor-type=\"wp-page\" data-elementor-id=\"472\" class=\"elementor elementor-472\">\n\t\t\t\t<div class=\"elementor-element elementor-element-a1aa1d6 e-flex e-con-boxed e-con e-parent\" data-id=\"a1aa1d6\" data-element_type=\"container\">\n\t\t\t\t\t<div class=\"e-con-inner\">\n\t\t<div class=\"elementor-element elementor-element-ca00284 e-con-full e-flex e-con e-child\" data-id=\"ca00284\" data-element_type=\"container\">\n\t\t\t\t<div class=\"elementor-element elementor-element-9f179d2 elementor-widget__width-initial elementor-widget elementor-widget-image\" data-id=\"9f179d2\" data-element_type=\"widget\" data-widget_type=\"image.default\">\n\t\t\t\t<div class=\"elementor-widget-container\">\n\t\t\t\t\t\t\t\t\t\t\t\t\t\t\t<img decoding=\"async\" width=\"128\" height=\"155\" src=\"https:\/\/www.sinnoia.fr\/wp-content\/uploads\/2025\/05\/inno.png\" class=\"attachment-large size-large wp-image-39\" alt=\"\" \/>\t\t\t\t\t\t\t\t\t\t\t\t\t\t\t<\/div>\n\t\t\t\t<\/div>\n\t\t\t\t<\/div>\n\t\t<div class=\"elementor-element elementor-element-ebb7d10 e-con-full e-flex e-con e-child\" data-id=\"ebb7d10\" data-element_type=\"container\">\n\t\t\t\t<div class=\"elementor-element elementor-element-504c5ef elementor-widget elementor-widget-heading\" data-id=\"504c5ef\" data-element_type=\"widget\" data-widget_type=\"heading.default\">\n\t\t\t\t<div class=\"elementor-widget-container\">\n\t\t\t\t\t<h2 class=\"elementor-heading-title elementor-size-default\">Innovation digitale<\/h2>\t\t\t\t<\/div>\n\t\t\t\t<\/div>\n\t\t\t\t<\/div>\n\t\t<div class=\"elementor-element elementor-element-e7642b8 e-con-full e-flex e-con e-child\" data-id=\"e7642b8\" data-element_type=\"container\">\n\t\t\t\t<div class=\"elementor-element elementor-element-d6e2ae8 elementor-widget elementor-widget-text-editor\" data-id=\"d6e2ae8\" data-element_type=\"widget\" data-widget_type=\"text-editor.default\">\n\t\t\t\t<div class=\"elementor-widget-container\">\n\t\t\t\t\t\t\t\t\t<p data-start=\"392\" data-end=\"544\"><strong data-start=\"392\" data-end=\"466\">Le num\u00e9rique est per\u00e7u comme un levier par 79\u202f% des dirigeants de PME (source\u00a0<\/strong><a style=\"font-variant-ligatures: inherit; font-variant-caps: inherit;\" href=\"https:\/\/www.vie-publique.fr\/en-bref\/295446-transformation-numerique-des-tpe-et-pme-ou-en-est-en-2024?utm_source=chatgpt.com\">Transformation num\u00e9rique des TPE et PME\u00a0: o\u00f9 en est-on en 2024\u00a0? | vie-publique.fr<\/a>)<strong style=\"font-family: inherit; font-size: inherit; font-style: inherit; font-variant-ligatures: inherit; font-variant-caps: inherit;\" data-start=\"392\" data-end=\"466\">.\u00a0<\/strong><\/p><p data-start=\"392\" data-end=\"544\">Son adoption reste parfois frein\u00e9e par le manque de temps ou de ressources.<\/p><p data-start=\"546\" data-end=\"631\"><strong data-start=\"546\" data-end=\"631\">SInnoIA vous aide \u00e0 identifier et concr\u00e9tiser les pistes utiles \u00e0 votre activit\u00e9.<\/strong><\/p>\t\t\t\t\t\t\t\t<\/div>\n\t\t\t\t<\/div>\n\t\t\t\t<\/div>\n\t\t\t\t\t<\/div>\n\t\t\t\t<\/div>\n\t\t<div class=\"elementor-element elementor-element-bec9b6a e-flex e-con-boxed e-con e-parent\" data-id=\"bec9b6a\" data-element_type=\"container\">\n\t\t\t\t\t<div class=\"e-con-inner\">\n\t\t\t\t<div class=\"elementor-element elementor-element-949f6e6 elementor-widget__width-inherit elementor-widget elementor-widget-text-editor\" data-id=\"949f6e6\" data-element_type=\"widget\" data-widget_type=\"text-editor.default\">\n\t\t\t\t<div class=\"elementor-widget-container\">\n\t\t\t\t\t\t\t\t\t<section class=\"wp-block-group alignwide\"><h2 style=\"text-align: center;\"><span style=\"font-family: inherit; font-size: inherit; font-style: inherit; font-variant-ligatures: inherit; font-variant-caps: inherit; font-weight: inherit; color: #595970;\">Voici les th\u00e9matiques que nous pouvons activer ensemble<\/span><\/h2><div class=\"wp-block-columns is-layout-flex wp-container-1\" style=\"margin-top: 40px; gap: 32px; flex-wrap: wrap;\"><div class=\"wp-block-column\" style=\"flex: 1 1 45%; text-align: center;\"><div style=\"font-size: 36px;\">\ud83d\udcca<\/div><h3>Pilotage par la donn\u00e9e<\/h3><p>Visualiser, comprendre et piloter avec Power BI ou outils \u00e9quivalents.<\/p><\/div><div class=\"wp-block-column\" style=\"flex: 1 1 45%; text-align: center;\"><div style=\"font-size: 36px;\">\ud83d\udd27<\/div><h3>NoCode \/ LowCode<\/h3><p>Automatiser sans d\u00e9veloppeur (Make, N8N, Power Automate)<\/p><\/div><div class=\"wp-block-column\" style=\"flex: 1 1 45%; text-align: center;\"><div style=\"font-size: 36px;\">\ud83e\udd16<\/div><h3>RPA (Automatisation)<\/h3><p>Supprimer les t\u00e2ches r\u00e9p\u00e9titives \u00e0 faible valeur ajout\u00e9e.<\/p><\/div><div class=\"wp-block-column\" style=\"flex: 1 1 45%; text-align: center;\"><div style=\"font-size: 36px;\">\ud83c\udfed<\/div><h3>Industrie 4.0<\/h3><p>MES, digitalisation de l\u2019atelier.<\/p><\/div><div class=\"wp-block-column\" style=\"flex: 1 1 45%; text-align: center;\"><div style=\"font-size: 36px;\">\ud83e\uddff<\/div><h3>Jumeau num\u00e9rique<\/h3><p>Simuler, tester et optimiser virtuellement avant mise en \u0153uvre.<\/p><\/div><div class=\"wp-block-column\" style=\"flex: 1 1 45%; text-align: center;\"><div style=\"font-size: 36px;\">\u26d3\ufe0f<\/div><h3>Blockchain<\/h3><p>Tra\u00e7abilit\u00e9, preuve de conformit\u00e9, registre partag\u00e9<\/p><\/div><\/div><\/section>\t\t\t\t\t\t\t\t<\/div>\n\t\t\t\t<\/div>\n\t\t\t\t\t<\/div>\n\t\t\t\t<\/div>\n\t\t\t\t<\/div>\n\t\t","protected":false},"excerpt":{"rendered":"<p>Innovation digitale Le num\u00e9rique est per\u00e7u comme un levier par 79\u202f% des dirigeants de PME (source\u00a0Transformation num\u00e9rique des TPE et PME\u00a0: o\u00f9 en est-on en 2024\u00a0? | vie-publique.fr).\u00a0 Son adoption reste parfois frein\u00e9e par le manque de temps ou de ressources. SInnoIA vous aide \u00e0 identifier et concr\u00e9tiser les pistes utiles \u00e0 votre activit\u00e9. Voici [&hellip;]<\/p>\n","protected":false},"author":1,"featured_media":0,"parent":0,"menu_order":0,"comment_status":"closed","ping_status":"closed","template":"","meta":{"footnotes":""},"class_list":["post-472","page","type-page","status-publish","hentry"],"blocksy_meta":[],"_links":{"self":[{"href":"https:\/\/www.sinnoia.fr\/index.php\/wp-json\/wp\/v2\/pages\/472","targetHints":{"allow":["GET"]}}],"collection":[{"href":"https:\/\/www.sinnoia.fr\/index.php\/wp-json\/wp\/v2\/pages"}],"about":[{"href":"https:\/\/www.sinnoia.fr\/index.php\/wp-json\/wp\/v2\/types\/page"}],"author":[{"embeddable":true,"href":"https:\/\/www.sinnoia.fr\/index.php\/wp-json\/wp\/v2\/users\/1"}],"replies":[{"embeddable":true,"href":"https:\/\/www.sinnoia.fr\/index.php\/wp-json\/wp\/v2\/comments?post=472"}],"version-history":[{"count":28,"href":"https:\/\/www.sinnoia.fr\/index.php\/wp-json\/wp\/v2\/pages\/472\/revisions"}],"predecessor-version":[{"id":552,"href":"https:\/\/www.sinnoia.fr\/index.php\/wp-json\/wp\/v2\/pages\/472\/revisions\/552"}],"wp:attachment":[{"href":"https:\/\/www.sinnoia.fr\/index.php\/wp-json\/wp\/v2\/media?parent=472"}],"curies":[{"name":"wp","href":"https:\/\/api.w.org\/{rel}","templated":true}]}}